{"id":2,"date":"2012-04-16T12:02:47","date_gmt":"2012-04-16T12:02:47","guid":{"rendered":"http:\/\/bosarpasjon.se.preview.citynetwork.se\/?page_id=2"},"modified":"2026-02-24T18:53:41","modified_gmt":"2026-02-24T16:53:41","slug":"exempelsida","status":"publish","type":"page","link":"https:\/\/www.bosarpasjon.se\/","title":{"rendered":"Hem"},"content":{"rendered":"<p>Bosarpasj\u00f6n och dess omgivningar har under \u00e5rens lopp ut\u00f6vat en lockelse f\u00f6r b\u00e5de m\u00e4nniskor och djur. Genom dess skyddade l\u00e4ge p\u00e5 Linder\u00f6ds\u00e5sen har den varit unik p\u00e5 m\u00e5nga s\u00e4tt. Sj\u00f6n har l\u00e4nge varit ansedd som Sk\u00e5nes renaste sj\u00f6. Detta\u00a0 tack vare att den har varit befriad fr\u00e5n utsl\u00e4pp fr\u00e5n industri (f\u00f6rutom fr\u00e5n luften) och av icke fungerande avlopp fr\u00e5n fastigheter. Odlingsintensiteten p\u00e5 intilliggande jordbruk har varit l\u00e5g, s\u00e5 risken f\u00f6r \u00f6verg\u00f6dning fr\u00e5n detta h\u00e5ll m\u00e5ste betraktas som f\u00f6rsumbar. Skogsbrukets betydelse \u00e4r dock en \u00e4nnu outredd faktor som skall unders\u00f6kas.<\/p>\n<p>Sj\u00f6ns popularitet som rekreationsomr\u00e5de har under m\u00e5nga \u00e5r varit betydande, s\u00e4rskilt dess nord\u00f6stra strand vid Sj\u00f6viken, som vid soliga sommardagar \u00e4r \u00f6verfylld av badg\u00e4ster fr\u00e5n n\u00e4r och fj\u00e4rran. Traditionen som samlings- och m\u00f6tesplats f\u00f6r traktens folk kan \u00e5tminstone h\u00e4rledas till f\u00f6rra sekelskiftets 18-1900-tal d\u00e5 befolkningsm\u00e4ngden i trakten var som h\u00f6gst och sl\u00e5tter\/tr\u00f6ske kr\u00e4vde ett stort antal arbetare. Dagens arbete avslutades s\u00e4kert g\u00e4rna med ett svalkande bad i sj\u00f6n. Det har dessutom funnits b\u00e5de n\u00f6jesf\u00e4lt och dansbana vid Sj\u00f6viken. I dag finns en v\u00e4lbes\u00f6kt bangolfbana med caf\u00e9 h\u00e4r.<\/p>\n<p>Fisket i sj\u00f6n har under de senaste 50-60 \u00e5ren f\u00f6r\u00e4ndrats radikalt, fr\u00e5n husbehovsfiske av byarnas olika skifteslag och mark\u00e4gare, d\u00e4r m\u00f6jligen en mindre del gick till avsalu, till senare tiders intensiva sport- och fritidsfiske f\u00f6r allm\u00e4nheten.<\/p>\n<p>Under senare tid har t\u00e4nket inom fiskev\u00e5rden f\u00f6r\u00e4ndrats fr\u00e5n att mycket handla om utplantering av fisk till gagn f\u00f6r sportfisket, mot att \u00e5terskapa naturliga fiskbest\u00e5nd som reproducerar sig sj\u00e4lva. I Bosarpasj\u00f6ns fall beh\u00f6vs bland annat att, via en nul\u00e4gesanalys f\u00e5 fram data om sj\u00f6ns status och vid behov \u00e5terst\u00e4lla biotoper, samt \u00e5tg\u00e4rda eventuella problem ang\u00e5ende n\u00e4ringsinneh\u00e5ll och milj\u00f6gifter. P\u00e5 s\u00e5 s\u00e4tt \u00e4r fiskev\u00e5rden f\u00f6r sj\u00f6n att se som en del av natur- och milj\u00f6v\u00e5rden och att \u00e4ven ha ett st\u00f6rre perspektiv gentemot hela Vrams\u00e5ns vattensystem och dess utlopp i \u00d6stersj\u00f6n.<\/p>\n<p>F\u00f6r att skapa en plattform f\u00f6r detta arbete har ett projekt satts ig\u00e5ng som syftar till att ta fram en milj\u00f6- och fiskev\u00e5rdsplan som ska ligga som grund f\u00f6r och underl\u00e4tta framtida beslut g\u00e4llande vatten- och fiskev\u00e5rden i Bosarpasj\u00f6n.<\/p>\n<p>Initiativtagare till projektet har varit Bosarpasj\u00f6ns fiskev\u00e5rdsomr\u00e5de och dess styrelse med Lasse T\u00f6nning i spetsen.<\/p>\n","protected":false},"excerpt":{"rendered":"<p>Bosarpasj\u00f6n och dess omgivningar har under \u00e5rens lopp ut\u00f6vat en lockelse f\u00f6r b\u00e5de m\u00e4nniskor och djur. Genom dess skyddade l\u00e4ge p\u00e5 Linder\u00f6ds\u00e5sen har den varit unik p\u00e5 m\u00e5nga s\u00e4tt. Sj\u00f6n har l\u00e4nge varit ansedd som Sk\u00e5nes renaste sj\u00f6. Detta\u00a0 tack &hellip; <a href=\"https:\/\/www.bosarpasjon.se\/\">Forts\u00e4tt l\u00e4sa <span class=\"meta-nav\">&rarr;<\/span><\/a><\/p>\n","protected":false},"author":1,"featured_media":11,"parent":0,"menu_order":0,"comment_status":"closed","ping_status":"closed","template":"","meta":{"footnotes":""},"class_list":["post-2","page","type-page","status-publish","has-post-thumbnail","hentry"],"_links":{"self":[{"href":"https:\/\/www.bosarpasjon.se\/index.php?rest_route=\/wp\/v2\/pages\/2","targetHints":{"allow":["GET"]}}],"collection":[{"href":"https:\/\/www.bosarpasjon.se\/index.php?rest_route=\/wp\/v2\/pages"}],"about":[{"href":"https:\/\/www.bosarpasjon.se\/index.php?rest_route=\/wp\/v2\/types\/page"}],"author":[{"embeddable":true,"href":"https:\/\/www.bosarpasjon.se\/index.php?rest_route=\/wp\/v2\/users\/1"}],"replies":[{"embeddable":true,"href":"https:\/\/www.bosarpasjon.se\/index.php?rest_route=%2Fwp%2Fv2%2Fcomments&post=2"}],"version-history":[{"count":11,"href":"https:\/\/www.bosarpasjon.se\/index.php?rest_route=\/wp\/v2\/pages\/2\/revisions"}],"predecessor-version":[{"id":611,"href":"https:\/\/www.bosarpasjon.se\/index.php?rest_route=\/wp\/v2\/pages\/2\/revisions\/611"}],"wp:featuredmedia":[{"embeddable":true,"href":"https:\/\/www.bosarpasjon.se\/index.php?rest_route=\/wp\/v2\/media\/11"}],"wp:attachment":[{"href":"https:\/\/www.bosarpasjon.se\/index.php?rest_route=%2Fwp%2Fv2%2Fmedia&parent=2"}],"curies":[{"name":"wp","href":"https:\/\/api.w.org\/{rel}","templated":true}]}}