{"id":361,"date":"2020-10-08T10:13:58","date_gmt":"2020-10-08T08:13:58","guid":{"rendered":"http:\/\/www.bosarpasjon.se\/?page_id=361"},"modified":"2026-02-24T18:46:25","modified_gmt":"2026-02-24T16:46:25","slug":"tidigare-protokoll-fran-arsstammor","status":"publish","type":"page","link":"https:\/\/www.bosarpasjon.se\/?page_id=361","title":{"rendered":"Protokoll fr\u00e5n \u00e5rsst\u00e4mmor"},"content":{"rendered":"\n<p><\/p>\n\n\n\n<pre class=\"wp-block-code\"><code><a href=\"https:\/\/www.bosarpasjon.se\/wp-content\/uploads\/2025\/06\/Protokoll-Bosarpasjon-2025.pdf\" data-type=\"link\" data-id=\"https:\/\/www.bosarpasjon.se\/wp-content\/uploads\/2025\/06\/Protokoll-Bosarpasjon-2025.pdf\">2025<\/a>\n<a href=\"https:\/\/www.bosarpasjon.se\/wp-content\/uploads\/2024\/05\/Protokoll-fort-vid-ordinarie-arsstamma-i-Bosarpasjons-fiskevardsomrade-18-maj-2024-Google-Dokument.pdf\" data-type=\"link\" data-id=\"https:\/\/www.bosarpasjon.se\/wp-content\/uploads\/2024\/05\/Protokoll-fort-vid-ordinarie-arsstamma-i-Bosarpasjons-fiskevardsomrade-18-maj-2024-Google-Dokument.pdf\">2024<\/a>\n<a href=\"https:\/\/www.bosarpasjon.se\/wp-content\/uploads\/2023\/05\/Protokoll-arsstamma-2023.pdf\">2023<\/a>\n<a href=\"https:\/\/www.bosarpasjon.se\/wp-content\/uploads\/2022\/05\/Protokoll-arsstamma-2022.pdf\">2022<\/a>\n<a href=\"https:\/\/www.bosarpasjon.se\/wp-content\/uploads\/2021\/09\/Protokoll-arsstamma-2021.pdf\" data-type=\"URL\" data-id=\"https:\/\/www.bosarpasjon.se\/wp-content\/uploads\/2021\/09\/Protokoll-arsstamma-2021.pdf\">2021<\/a>\n<a href=\"https:\/\/www.bosarpasjon.se\/wp-content\/uploads\/2019\/06\/Protokoll-\u00e5rsst\u00e4mma-2019.pdf\">2019<\/a>\n<a href=\"https:\/\/www.bosarpasjon.se\/wp-content\/uploads\/2018\/05\/Protokoll-\u00e5rsst\u00e4mma-2018.pdf\">2018<\/a>\n<a href=\"https:\/\/www.bosarpasjon.se\/wp-content\/uploads\/2014\/04\/Protokoll-arsstamma2017.pdf\">2017<\/a>\n<a href=\"https:\/\/www.bosarpasjon.se\/wp-content\/uploads\/2016\/07\/Protokoll-BFVO-2016.pdf\">2016<\/a>\n<a href=\"https:\/\/www.bosarpasjon.se\/wp-content\/uploads\/2014\/04\/Protokoll2015-kopia.pdf\">2015<\/a>\n<a href=\"https:\/\/www.bosarpasjon.se\/wp-content\/uploads\/2020\/10\/Protokoll-140525.pdf\">2014<\/a>\n<a href=\"https:\/\/www.bosarpasjon.se\/wp-content\/uploads\/2020\/10\/Arsstamma-Protokoll-2013.pdf\">2013<\/a>\n<\/code><\/pre>\n\n\n\n<p><\/p>\n","protected":false},"excerpt":{"rendered":"","protected":false},"author":4,"featured_media":0,"parent":0,"menu_order":0,"comment_status":"closed","ping_status":"closed","template":"","meta":{"footnotes":""},"class_list":["post-361","page","type-page","status-publish","hentry"],"_links":{"self":[{"href":"https:\/\/www.bosarpasjon.se\/index.php?rest_route=\/wp\/v2\/pages\/361","targetHints":{"allow":["GET"]}}],"collection":[{"href":"https:\/\/www.bosarpasjon.se\/index.php?rest_route=\/wp\/v2\/pages"}],"about":[{"href":"https:\/\/www.bosarpasjon.se\/index.php?rest_route=\/wp\/v2\/types\/page"}],"author":[{"embeddable":true,"href":"https:\/\/www.bosarpasjon.se\/index.php?rest_route=\/wp\/v2\/users\/4"}],"replies":[{"embeddable":true,"href":"https:\/\/www.bosarpasjon.se\/index.php?rest_route=%2Fwp%2Fv2%2Fcomments&post=361"}],"version-history":[{"count":12,"href":"https:\/\/www.bosarpasjon.se\/index.php?rest_route=\/wp\/v2\/pages\/361\/revisions"}],"predecessor-version":[{"id":608,"href":"https:\/\/www.bosarpasjon.se\/index.php?rest_route=\/wp\/v2\/pages\/361\/revisions\/608"}],"wp:attachment":[{"href":"https:\/\/www.bosarpasjon.se\/index.php?rest_route=%2Fwp%2Fv2%2Fmedia&parent=361"}],"curies":[{"name":"wp","href":"https:\/\/api.w.org\/{rel}","templated":true}]}}