{"id":46,"date":"2012-04-26T08:47:07","date_gmt":"2012-04-26T08:47:07","guid":{"rendered":"http:\/\/www.bosarpasjon.se\/?page_id=46"},"modified":"2025-06-25T08:14:03","modified_gmt":"2025-06-25T06:14:03","slug":"rapporter","status":"publish","type":"page","link":"https:\/\/www.bosarpasjon.se\/?page_id=46","title":{"rendered":"Rapporter"},"content":{"rendered":"<div class=\"page\" title=\"Page 1\">\n<div class=\"layoutArea\">\n<div class=\"column\">\n<p><a href=\"https:\/\/www.bosarpasjon.se\/wp-content\/uploads\/2017\/01\/Praktisk-fiskev\u00e5rd-i-fiskev\u00e5rdsomr\u00e5det-id\u00e9er-f\u00f6r-inspiration.pdf\">Praktisk fiskev\u00e5rd<\/a><\/p>\n<p><a href=\"https:\/\/www.bosarpasjon.se\/wp-content\/uploads\/2016\/05\/Bosarpasj\u00f6n_vattenkemi_plankton-2015.pdf\">Vattenkemi och plankton sommaren 2015<\/a><\/p>\n<\/div>\n<\/div>\n<\/div>\n<p><a href=\"https:\/\/www.bosarpasjon.se\/wp-content\/uploads\/2012\/04\/Bosarpasj\u00f6-autumnseining2012.xls\">Bosarpasj\u00f6, autumnseining2012<\/a><\/p>\n<p><a href=\"https:\/\/www.bosarpasjon.se\/wp-content\/uploads\/2012\/04\/Bosarpasj\u00f6-springfykes-2013.xls\">Bosarpasj\u00f6, springfykes 2013<\/a><\/p>\n<p><a href=\"https:\/\/www.bosarpasjon.se\/wp-content\/uploads\/2012\/04\/bosarpasj\u00f6n-2012-03-01-Limnologisk-rapport.pdf\">bosarpasj\u00f6n-2012-03-01, Limnologisk rapport<\/a><\/p>\n<p><a href=\"https:\/\/www.bosarpasjon.se\/wp-content\/uploads\/2014\/04\/N\u00e4tprovfiske-2003.pdf\">N\u00e4tprovfiske 2003<\/a><\/p>\n<p><a title=\"N\u00e4tprovfiske2013\" href=\"https:\/\/www.bosarpasjon.se\/wp-content\/uploads\/2014\/04\/N\u00e4tprovfiske-20131.pdf\">N\u00e4tprovfiske 2013<\/a><\/p>\n<p><a href=\"https:\/\/www.bosarpasjon.se\/wp-content\/uploads\/2022\/01\/Provfiske-Bosarpasjon-2021.pdf\">N\u00e4tprovfiske 2021<\/a><\/p>\n<p><a href=\"https:\/\/www.bosarpasjon.se\/wp-content\/uploads\/2014\/04\/12-3-Leader-Bosarpasj\u00f6n.pdf\">Leaderprojektet<\/a><\/p>\n\n\n<div class=\"wp-block-file\"><a id=\"wp-block-file--media-322bce76-6e16-449b-a087-09c26b3ef233\" href=\"https:\/\/www.bosarpasjon.se\/wp-content\/uploads\/2025\/06\/Siktdjup-och-temperatur.xlsx\">Siktdjup och temperatur<\/a><a href=\"https:\/\/www.bosarpasjon.se\/wp-content\/uploads\/2025\/06\/Siktdjup-och-temperatur.xlsx\" class=\"wp-block-file__button wp-element-button\" download aria-describedby=\"wp-block-file--media-322bce76-6e16-449b-a087-09c26b3ef233\">Ladda ner<\/a><\/div>\n","protected":false},"excerpt":{"rendered":"<p>Praktisk fiskev\u00e5rd Vattenkemi och plankton sommaren 2015 Bosarpasj\u00f6, autumnseining2012 Bosarpasj\u00f6, springfykes 2013 bosarpasj\u00f6n-2012-03-01, Limnologisk rapport N\u00e4tprovfiske 2003 N\u00e4tprovfiske 2013 N\u00e4tprovfiske 2021 Leaderprojektet<\/p>\n","protected":false},"author":2,"featured_media":0,"parent":0,"menu_order":0,"comment_status":"closed","ping_status":"open","template":"","meta":{"footnotes":""},"class_list":["post-46","page","type-page","status-publish","hentry"],"_links":{"self":[{"href":"https:\/\/www.bosarpasjon.se\/index.php?rest_route=\/wp\/v2\/pages\/46","targetHints":{"allow":["GET"]}}],"collection":[{"href":"https:\/\/www.bosarpasjon.se\/index.php?rest_route=\/wp\/v2\/pages"}],"about":[{"href":"https:\/\/www.bosarpasjon.se\/index.php?rest_route=\/wp\/v2\/types\/page"}],"author":[{"embeddable":true,"href":"https:\/\/www.bosarpasjon.se\/index.php?rest_route=\/wp\/v2\/users\/2"}],"replies":[{"embeddable":true,"href":"https:\/\/www.bosarpasjon.se\/index.php?rest_route=%2Fwp%2Fv2%2Fcomments&post=46"}],"version-history":[{"count":23,"href":"https:\/\/www.bosarpasjon.se\/index.php?rest_route=\/wp\/v2\/pages\/46\/revisions"}],"predecessor-version":[{"id":595,"href":"https:\/\/www.bosarpasjon.se\/index.php?rest_route=\/wp\/v2\/pages\/46\/revisions\/595"}],"wp:attachment":[{"href":"https:\/\/www.bosarpasjon.se\/index.php?rest_route=%2Fwp%2Fv2%2Fmedia&parent=46"}],"curies":[{"name":"wp","href":"https:\/\/api.w.org\/{rel}","templated":true}]}}