{"id":619,"date":"2026-04-17T05:57:33","date_gmt":"2026-04-17T03:57:33","guid":{"rendered":"https:\/\/www.bosarpasjon.se\/?page_id=619"},"modified":"2026-04-17T06:00:13","modified_gmt":"2026-04-17T04:00:13","slug":"infor-arsstamman-2026","status":"publish","type":"page","link":"https:\/\/www.bosarpasjon.se\/?page_id=619","title":{"rendered":"Inf\u00f6r \u00c5rsst\u00e4mman 2026"},"content":{"rendered":"\n<div data-wp-interactive=\"core\/file\" class=\"wp-block-file\"><object data-wp-bind--hidden=\"!state.hasPdfPreview\" hidden class=\"wp-block-file__embed\" data=\"https:\/\/www.bosarpasjon.se\/wp-content\/uploads\/2026\/04\/Dagordning-2026.pdf\" type=\"application\/pdf\" style=\"width:100%;height:600px\" aria-label=\"Inb\u00e4ddning av Dagordning 2026.\"><\/object><a id=\"wp-block-file--media-c9612267-784a-4a99-be70-94a25da8dfa7\" href=\"https:\/\/www.bosarpasjon.se\/wp-content\/uploads\/2026\/04\/Dagordning-2026.pdf\">Dagordning 2026<\/a><a href=\"https:\/\/www.bosarpasjon.se\/wp-content\/uploads\/2026\/04\/Dagordning-2026.pdf\" class=\"wp-block-file__button wp-element-button\" download aria-describedby=\"wp-block-file--media-c9612267-784a-4a99-be70-94a25da8dfa7\">Ladda ner<\/a><\/div>\n\n\n\n<div data-wp-interactive=\"core\/file\" class=\"wp-block-file\"><object data-wp-bind--hidden=\"!state.hasPdfPreview\" hidden class=\"wp-block-file__embed\" data=\"https:\/\/www.bosarpasjon.se\/wp-content\/uploads\/2026\/04\/VERKSAMHETSBERATTELSE-2025-FOR-BOSARPASJONS-FISKEVARDSOMRADE.pdf\" type=\"application\/pdf\" style=\"width:100%;height:600px\" aria-label=\"Inb\u00e4ddning av VERKSAMHETSBER\u00c4TTELSE  2025 F\u00d6R BOSARPASJ\u00d6NS FISKEV\u00c5RDSOMR\u00c5DE.\"><\/object><a id=\"wp-block-file--media-b0db42f3-82eb-4431-a16b-97d7826d737f\" href=\"https:\/\/www.bosarpasjon.se\/wp-content\/uploads\/2026\/04\/VERKSAMHETSBERATTELSE-2025-FOR-BOSARPASJONS-FISKEVARDSOMRADE.pdf\">VERKSAMHETSBER\u00c4TTELSE  2025 F\u00d6R BOSARPASJ\u00d6NS FISKEV\u00c5RDSOMR\u00c5DE<\/a><a href=\"https:\/\/www.bosarpasjon.se\/wp-content\/uploads\/2026\/04\/VERKSAMHETSBERATTELSE-2025-FOR-BOSARPASJONS-FISKEVARDSOMRADE.pdf\" class=\"wp-block-file__button wp-element-button\" download aria-describedby=\"wp-block-file--media-b0db42f3-82eb-4431-a16b-97d7826d737f\">Ladda ner<\/a><\/div>\n","protected":false},"excerpt":{"rendered":"","protected":false},"author":9,"featured_media":0,"parent":0,"menu_order":0,"comment_status":"closed","ping_status":"closed","template":"","meta":{"footnotes":""},"class_list":["post-619","page","type-page","status-publish","hentry"],"_links":{"self":[{"href":"https:\/\/www.bosarpasjon.se\/index.php?rest_route=\/wp\/v2\/pages\/619","targetHints":{"allow":["GET"]}}],"collection":[{"href":"https:\/\/www.bosarpasjon.se\/index.php?rest_route=\/wp\/v2\/pages"}],"about":[{"href":"https:\/\/www.bosarpasjon.se\/index.php?rest_route=\/wp\/v2\/types\/page"}],"author":[{"embeddable":true,"href":"https:\/\/www.bosarpasjon.se\/index.php?rest_route=\/wp\/v2\/users\/9"}],"replies":[{"embeddable":true,"href":"https:\/\/www.bosarpasjon.se\/index.php?rest_route=%2Fwp%2Fv2%2Fcomments&post=619"}],"version-history":[{"count":3,"href":"https:\/\/www.bosarpasjon.se\/index.php?rest_route=\/wp\/v2\/pages\/619\/revisions"}],"predecessor-version":[{"id":628,"href":"https:\/\/www.bosarpasjon.se\/index.php?rest_route=\/wp\/v2\/pages\/619\/revisions\/628"}],"wp:attachment":[{"href":"https:\/\/www.bosarpasjon.se\/index.php?rest_route=%2Fwp%2Fv2%2Fmedia&parent=619"}],"curies":[{"name":"wp","href":"https:\/\/api.w.org\/{rel}","templated":true}]}}