{"id":629,"date":"2026-04-17T06:03:43","date_gmt":"2026-04-17T04:03:43","guid":{"rendered":"https:\/\/www.bosarpasjon.se\/?page_id=629"},"modified":"2026-04-17T06:18:55","modified_gmt":"2026-04-17T04:18:55","slug":"for-medlemmar","status":"publish","type":"page","link":"https:\/\/www.bosarpasjon.se\/?page_id=629","title":{"rendered":"F\u00f6r medlemmar"},"content":{"rendered":"\n<p>Bosarpasj\u00f6ns fiskev\u00e5rdsomr\u00e5de utg\u00f6r en sammanslagning av fiskevatten\u00e4gare inom skifteslagen Ankhult, Sj\u00f6rup, Bosarp och Lillar\u00f6d i enlighet med l\u00e4nsstyrelsens beslut 22 mars 1976, dnr 11.379-3103-77. Ing\u00e5ende fastigheter samt andeltal finns beslutat i Fastighetsbildningsmyndighetens \u00e4rende med diarienummer L6 36\/76.<\/p>\n\n\n\n<p>Medlemskapet i fiskev\u00e5rdsomr\u00e5det \u00e4r obligatoriskt f\u00f6r de fastigheter som ing\u00e5r i fiskev\u00e5rdsomr\u00e5det och det \u00e4r inte m\u00f6jligt f\u00f6r n\u00e5gon annan att bli medlem i f\u00f6reningen.&nbsp;<strong>Vi ser g\u00e4rna att ni vid fastighetsf\u00f6rs\u00e4ljningar och \u00e4garbyten meddelar detta till f\u00f6reningen s\u00e5 att utskick och kallelser kan g\u00f6ras till r\u00e4tt fastighets\u00e4gare.<\/strong><\/p>\n\n\n\n<p>F\u00f6reningens arbete regleras utifr\u00e5n g\u00e4llande stadgar. \u00c5rsm\u00f6te f\u00f6r medlemmarna h\u00e5lls en g\u00e5ng per \u00e5r och det l\u00f6pande arbetet sk\u00f6ts av en styrelse best\u00e5ende av 7 personer.<\/p>\n\n\n\n<p>F\u00f6r 2025 ing\u00e5r f\u00f6ljande personer i styrelsen:<\/p>\n\n\n\n<ul class=\"wp-block-list\">\n<li>Lasse&nbsp;T\u00f6nning, ordf\u00f6rande<\/li>\n\n\n\n<li>Ulrika Burman, sekreterare<\/li>\n\n\n\n<li>Carin Holst, kass\u00f6r<\/li>\n\n\n\n<li>Robin Olsson<\/li>\n\n\n\n<li>Esbj\u00f6rn M\u00f6llerstr\u00f6m<\/li>\n\n\n\n<li>Per Svennesson<\/li>\n\n\n\n<li>Bj\u00f6rn \u00d6stberg<\/li>\n<\/ul>\n\n\n\n<p><strong>\u00c4r du os\u00e4ker p\u00e5 om din fastighet ing\u00e5r i fiskev\u00e5rdsomr\u00e5det, eller har andra fr\u00e5gor g\u00e4llande medlemskap?&nbsp;<\/strong>Kontakta kass\u00f6r Carin Holst f\u00f6r mer information.<\/p>\n\n\n\n<p><strong>Fiskekort\/fiskeregler<\/strong><\/p>\n\n\n\n<p>Syftet med fiskev\u00e5rdsomr\u00e5det \u00e4r att v\u00e5rda fisket i sj\u00f6n via ett h\u00e5llbart anv\u00e4ndande av dess resurser. Ett begr\u00e4nsat antal fiskekort s\u00e4ljs till allm\u00e4nheten.<\/p>\n\n\n\n<p>F\u00f6r&nbsp;<strong>del\u00e4gare\/medlem i<\/strong>&nbsp;Bosarpasj\u00f6n g\u00e4ller, efter att \u00e5rsavgiften inbetalts, att:<\/p>\n\n\n\n<p><strong>Rekommenderat \u00e4r att all rovfisk \u00e5teruts\u00e4tts<\/strong><\/p>\n\n\n\n<p>Fredningstid f\u00f6r g\u00e4dda och g\u00f6s g\u00e4ller under Mars \u2013 Maj<\/p>\n\n\n\n<p>Vid stuguthyrning g\u00e4ller samma regler som vid k\u00f6p av fiskekort (Notera att det \u00e4r catch and release som g\u00e4ller p\u00e5 rovfisk som g\u00e4dda, g\u00f6s och abborre)<\/p>\n\n\n\n<p><\/p>\n\n\n\n<p>Fiske f\u00e5r bedrivas med mete, flug- och spinnfiske och isfiske med handredskap.&nbsp;<\/p>\n\n\n\n<p>Varje fiskare f\u00e5r endast fiska med ett sp\u00f6, undantag karpmetare.&nbsp;<\/p>\n\n\n\n<p>G\u00e4dda \u00f6ver 75 cm och g\u00f6s under 50 cm&nbsp;skall&nbsp;\u00e5teruts\u00e4ttas.<\/p>\n\n\n\n<p>Antalet f\u00e5ngade fiskar (G\u00e4dda, G\u00f6s och Aborre) begr\u00e4nsas till tre per medlem och dag.<\/p>\n\n\n\n<p>Medlemmars b\u00e5tar skall vara m\u00e4rkta med fastighetsbeteckning.<\/p>\n\n\n\n<p>G\u00e4ster fiskar endast i medlems s\u00e4llskap<\/p>\n","protected":false},"excerpt":{"rendered":"<p>Bosarpasj\u00f6ns fiskev\u00e5rdsomr\u00e5de utg\u00f6r en sammanslagning av fiskevatten\u00e4gare inom skifteslagen Ankhult, Sj\u00f6rup, Bosarp och Lillar\u00f6d i enlighet med l\u00e4nsstyrelsens beslut 22 mars 1976, dnr 11.379-3103-77. Ing\u00e5ende fastigheter samt andeltal finns beslutat i Fastighetsbildningsmyndighetens \u00e4rende med diarienummer L6 36\/76. Medlemskapet i fiskev\u00e5rdsomr\u00e5det &hellip; <a href=\"https:\/\/www.bosarpasjon.se\/?page_id=629\">Forts\u00e4tt l\u00e4sa <span class=\"meta-nav\">&rarr;<\/span><\/a><\/p>\n","protected":false},"author":9,"featured_media":0,"parent":0,"menu_order":0,"comment_status":"closed","ping_status":"closed","template":"","meta":{"footnotes":""},"class_list":["post-629","page","type-page","status-publish","hentry"],"_links":{"self":[{"href":"https:\/\/www.bosarpasjon.se\/index.php?rest_route=\/wp\/v2\/pages\/629","targetHints":{"allow":["GET"]}}],"collection":[{"href":"https:\/\/www.bosarpasjon.se\/index.php?rest_route=\/wp\/v2\/pages"}],"about":[{"href":"https:\/\/www.bosarpasjon.se\/index.php?rest_route=\/wp\/v2\/types\/page"}],"author":[{"embeddable":true,"href":"https:\/\/www.bosarpasjon.se\/index.php?rest_route=\/wp\/v2\/users\/9"}],"replies":[{"embeddable":true,"href":"https:\/\/www.bosarpasjon.se\/index.php?rest_route=%2Fwp%2Fv2%2Fcomments&post=629"}],"version-history":[{"count":3,"href":"https:\/\/www.bosarpasjon.se\/index.php?rest_route=\/wp\/v2\/pages\/629\/revisions"}],"predecessor-version":[{"id":642,"href":"https:\/\/www.bosarpasjon.se\/index.php?rest_route=\/wp\/v2\/pages\/629\/revisions\/642"}],"wp:attachment":[{"href":"https:\/\/www.bosarpasjon.se\/index.php?rest_route=%2Fwp%2Fv2%2Fmedia&parent=629"}],"curies":[{"name":"wp","href":"https:\/\/api.w.org\/{rel}","templated":true}]}}