{"id":635,"date":"2026-04-17T06:11:15","date_gmt":"2026-04-17T04:11:15","guid":{"rendered":"https:\/\/www.bosarpasjon.se\/?page_id=635"},"modified":"2026-04-17T06:24:08","modified_gmt":"2026-04-17T04:24:08","slug":"fiskekortskopare","status":"publish","type":"page","link":"https:\/\/www.bosarpasjon.se\/?page_id=635","title":{"rendered":"Fiskekortsk\u00f6pare"},"content":{"rendered":"\n<p><strong>Fiskekort\/fiskeregler<\/strong><\/p>\n\n\n\n<p>F\u00f6r\u00a0<strong>dags-fiskekort\u00a0<\/strong>(200 SEK)\u00a0<strong>g\u00e4ller catch-and-release, d.v.s. att all rovfisk ska \u00e5teruts\u00e4ttas.<\/strong> (Krok utan hulling rekommenderas)<\/p>\n\n\n\n<p>Syftet med fiskev\u00e5rdsomr\u00e5det \u00e4r att v\u00e5rda fisket i sj\u00f6n via ett h\u00e5llbart anv\u00e4ndande av dess resurser. Ett begr\u00e4nsat antal fiskekort s\u00e4ljs till allm\u00e4nheten.<\/p>\n\n\n\n<p>Fredningstid f\u00f6r g\u00e4dda och g\u00f6s g\u00e4ller under Mars \u2013 Maj<\/p>\n\n\n\n<p>Vid stuguthyrning g\u00e4ller samma regler som vid k\u00f6p av fiskekort<\/p>\n\n\n\n<p>Fiske f\u00e5r bedrivas med mete, flug- och spinnfiske och isfiske med handredskap.&nbsp;<\/p>\n\n\n\n<p>Varje fiskare f\u00e5r endast fiska med ett sp\u00f6, undantag karpmetare.&nbsp;<\/p>\n\n\n\n<p>G\u00e4dda \u00f6ver 75 cm och g\u00f6s under 50 cm&nbsp;skall&nbsp;\u00e5teruts\u00e4ttas.<\/p>\n\n\n\n<p>Ungdom upp till 15 \u00e5r fiskar gratis i vuxens s\u00e4llskap.<\/p>\n\n\n\n<p>F\u00f6r samtliga g\u00e4ller att det inte \u00e4r till\u00e5tet att s\u00e4lja f\u00e5ngad fisk, kr\u00e4ftfiske \u00e4r inte till\u00e5tet ej heller b\u00e5tmotorer som drivs med diesel eller bensin.&nbsp;<\/p>\n\n\n\n<p>Fiskekort s\u00e4ljs av Lasse T\u00f6nning p\u00e5 Sj\u00f6rupsg\u00e5rden och sker genom kontantbetalning eller swish i (endast sek:-)<\/p>\n","protected":false},"excerpt":{"rendered":"<p>Fiskekort\/fiskeregler F\u00f6r\u00a0dags-fiskekort\u00a0(200 SEK)\u00a0g\u00e4ller catch-and-release, d.v.s. att all rovfisk ska \u00e5teruts\u00e4ttas. (Krok utan hulling rekommenderas) Syftet med fiskev\u00e5rdsomr\u00e5det \u00e4r att v\u00e5rda fisket i sj\u00f6n via ett h\u00e5llbart anv\u00e4ndande av dess resurser. Ett begr\u00e4nsat antal fiskekort s\u00e4ljs till allm\u00e4nheten. Fredningstid f\u00f6r g\u00e4dda &hellip; <a href=\"https:\/\/www.bosarpasjon.se\/?page_id=635\">Forts\u00e4tt l\u00e4sa <span class=\"meta-nav\">&rarr;<\/span><\/a><\/p>\n","protected":false},"author":9,"featured_media":0,"parent":0,"menu_order":0,"comment_status":"closed","ping_status":"closed","template":"","meta":{"footnotes":""},"class_list":["post-635","page","type-page","status-publish","hentry"],"_links":{"self":[{"href":"https:\/\/www.bosarpasjon.se\/index.php?rest_route=\/wp\/v2\/pages\/635","targetHints":{"allow":["GET"]}}],"collection":[{"href":"https:\/\/www.bosarpasjon.se\/index.php?rest_route=\/wp\/v2\/pages"}],"about":[{"href":"https:\/\/www.bosarpasjon.se\/index.php?rest_route=\/wp\/v2\/types\/page"}],"author":[{"embeddable":true,"href":"https:\/\/www.bosarpasjon.se\/index.php?rest_route=\/wp\/v2\/users\/9"}],"replies":[{"embeddable":true,"href":"https:\/\/www.bosarpasjon.se\/index.php?rest_route=%2Fwp%2Fv2%2Fcomments&post=635"}],"version-history":[{"count":2,"href":"https:\/\/www.bosarpasjon.se\/index.php?rest_route=\/wp\/v2\/pages\/635\/revisions"}],"predecessor-version":[{"id":644,"href":"https:\/\/www.bosarpasjon.se\/index.php?rest_route=\/wp\/v2\/pages\/635\/revisions\/644"}],"wp:attachment":[{"href":"https:\/\/www.bosarpasjon.se\/index.php?rest_route=%2Fwp%2Fv2%2Fmedia&parent=635"}],"curies":[{"name":"wp","href":"https:\/\/api.w.org\/{rel}","templated":true}]}}